{"id":547,"date":"2018-08-15T21:04:41","date_gmt":"2018-08-15T19:04:41","guid":{"rendered":"http:\/\/danhtourisme.eu\/?page_id=547"},"modified":"2018-08-15T22:00:02","modified_gmt":"2018-08-15T20:00:02","slug":"recrutement","status":"publish","type":"page","link":"http:\/\/danhtourisme.eu\/index.php\/recrutement\/","title":{"rendered":"Recrutement"},"content":{"rendered":"[vc_row full_width=\u00a0\u00bbstretch_row\u00a0\u00bb parallax=\u00a0\u00bbvcex_parallax\u00a0\u00bb parallax_image=\u00a0\u00bb47&Prime; parallax_direction=\u00a0\u00bbleft\u00a0\u00bb][vc_column]<div class=\"vcex-module vcex-divider vcex-divider-solid\" style=\"margin-top:50px;margin-bottom:50px;\"><\/div><div class=\"vcex-module vcex-heading vcex-heading-plain\" style=\"color:#ffffff;font-size:40px;font-weight:600;text-align:center;\"><span class=\"vcex-heading-inner clr\">NOS OFFRES D'EMPLOI<\/span><\/div><div class=\"vcex-module vcex-divider vcex-divider-solid vcex-divider-w-icon\" style=\"margin-top:0px;\"><div class=\"vcex-divider-icon\"><span class=\"vcex-divider-icon-before\"><\/span><span class=\"vcex-icon-wrap\" style=\"font-size:60px;color:#ffffff;\"><span class=\"typcn typcn-calendar-outline\"><\/span><\/span><span class=\"vcex-divider-icon-after\"><\/span><\/div><\/div>[vc_column_text]\n<p style=\"text-align: center;\"><span style=\"color: #f0ebeb;\">Danh Tourisme recrute r\u00e9guli\u00e8rement de nouveaux collaborateurs afin de r\u00e9pondre \u00e0 la demande grandissante du secteur du transport.<br \/>\nLes postes se trouvent sur tout le territoire de la Franche Comt\u00e9. <\/span><\/p>\n[\/vc_column_text][\/vc_column][\/vc_row][vc_row css=\u00a0\u00bb.vc_custom_1522101026056{border-radius: 20px !important;}\u00a0\u00bb][vc_column width=\u00a0\u00bb2\/3&Prime; css=\u00a0\u00bb.vc_custom_1522100989682{border-radius: 20px !important;}\u00a0\u00bb]<div class=\"vcex-spacing\" style=\"height:100px\"><\/div><div class=\"vcex-module vcex-heading vcex-heading-plain\" style=\"font-weight:600;\"><span class=\"vcex-heading-inner clr\"><span class=\"vcex-icon-wrap vcex-icon-position-left\" style=\"color:#a20640;\"><span class=\"ticon ticon-handshake-o\"><\/span><\/span>Vous recherchez un emploi ?<br \/>\nRejoignez notre \u00e9quipe<\/span><\/div><div class=\"vcex-module vcex-divider vcex-divider-solid\" style=\"margin-top:50px;\"><\/div><div class=\"vcex-module vcex-heading vcex-heading-plain\"><span class=\"vcex-heading-inner clr\">Envoyez votre candidature spontan\u00e9e<span class=\"vcex-icon-wrap vcex-icon-position-right\" style=\"color:#a20640;\"><span class=\"ticon ticon-address-card\"><\/span><\/span><\/span><\/div>[vc_column_text]\n<div class=\"caldera-grid\" id=\"caldera_form_1\" data-cf-ver=\"1.9.6\" data-cf-form-id=\"CF5b747a1c33756\"><div id=\"caldera_notices_1\" data-spinner=\"http:\/\/danhtourisme.eu\/wp-admin\/images\/spinner.gif\"><\/div><form data-instance=\"1\" class=\"CF5b747a1c33756 caldera_forms_form cfajax-trigger\" method=\"POST\" enctype=\"multipart\/form-data\" id=\"CF5b747a1c33756_1\" data-form-id=\"CF5b747a1c33756\" aria-label=\"Recrutement\" data-target=\"#caldera_notices_1\" data-template=\"#cfajax_CF5b747a1c33756-tmpl\" data-cfajax=\"CF5b747a1c33756\" data-load-element=\"_parent\" data-load-class=\"cf_processing\" data-post-disable=\"0\" data-action=\"cf_process_ajax_submit\" data-request=\"http:\/\/danhtourisme.eu\/cf-api\/CF5b747a1c33756\" data-hiderows=\"true\">\r\n<input type=\"hidden\" id=\"_cf_verify_CF5b747a1c33756\" name=\"_cf_verify\" value=\"c86d5b5fb8\"  data-nonce-time=\"1778256415\" \/><input type=\"hidden\" name=\"_wp_http_referer\" value=\"\/index.php\/wp-json\/wp\/v2\/pages\/547\" \/><div id=\"cf2-CF5b747a1c33756_1\"><\/div><input type=\"hidden\" name=\"_cf_frm_id\" value=\"CF5b747a1c33756\">\r\n<input type=\"hidden\" name=\"_cf_frm_ct\" value=\"1\">\r\n<input type=\"hidden\" name=\"cfajax\" value=\"CF5b747a1c33756\">\r\n<input type=\"hidden\" name=\"_cf_cr_pst\" value=\"547\">\r\n<div class=\"hide\" style=\"display:none; overflow:hidden;height:0;width:0;\">\r\n<label>Phone<\/label><input type=\"text\" name=\"phone\" value=\"\" autocomplete=\"off\">\r\n<\/div><div id=\"CF5b747a1c33756_1-row-1\"  class=\"row  first_row\"><div  class=\"col-sm-12  single\"><div data-field-wrapper=\"fld_4140959\" class=\"form-group\" id=\"fld_4140959_1-wrap\">\r\n\t<label id=\"fld_4140959Label\" for=\"fld_4140959_1\" class=\"control-label\">Objet <span aria-hidden=\"true\" role=\"presentation\" class=\"field_required\" style=\"color:#ee0000;\">*<\/span><\/label>\r\n\t<div class=\"\">\r\n\t\t<input   required type=\"text\" data-field=\"fld_4140959\" class=\" form-control\" id=\"fld_4140959_1\" name=\"fld_4140959\" value=\"\" data-type=\"text\" aria-required=\"true\"   aria-labelledby=\"fld_4140959Label\" >\t\t\t<\/div>\r\n<\/div>\r\n<div data-field-wrapper=\"fld_6829296\" class=\"form-group\" id=\"fld_6829296_1-wrap\">\r\n\t<label id=\"fld_6829296Label\" for=\"fld_6829296_1\" class=\"control-label\">Nom de famille <span aria-hidden=\"true\" role=\"presentation\" class=\"field_required\" style=\"color:#ee0000;\">*<\/span><\/label>\r\n\t<div class=\"\">\r\n\t\t<input   required type=\"text\" data-field=\"fld_6829296\" class=\" form-control\" id=\"fld_6829296_1\" name=\"fld_6829296\" value=\"\" data-type=\"text\" aria-required=\"true\"   aria-labelledby=\"fld_6829296Label\" >\t\t\t<\/div>\r\n<\/div>\r\n<div data-field-wrapper=\"fld_3688899\" class=\"form-group\" id=\"fld_3688899_1-wrap\">\r\n\t<label id=\"fld_3688899Label\" for=\"fld_3688899_1\" class=\"control-label\">Pr\u00e9nom <span aria-hidden=\"true\" role=\"presentation\" class=\"field_required\" style=\"color:#ee0000;\">*<\/span><\/label>\r\n\t<div class=\"\">\r\n\t\t<input   required type=\"text\" data-field=\"fld_3688899\" class=\" form-control\" id=\"fld_3688899_1\" name=\"fld_3688899\" value=\"\" data-type=\"text\" aria-required=\"true\"   aria-labelledby=\"fld_3688899Label\" >\t\t\t<\/div>\r\n<\/div>\r\n<div data-field-wrapper=\"fld_6830845\" class=\"form-group\" id=\"fld_6830845_1-wrap\">\r\n\t<label id=\"fld_6830845Label\" for=\"fld_6830845_1\" class=\"control-label\">Adresse de messagerie <span aria-hidden=\"true\" role=\"presentation\" class=\"field_required\" style=\"color:#ee0000;\">*<\/span><\/label>\r\n\t<div class=\"\">\r\n\t\t<input   required type=\"email\" data-field=\"fld_6830845\" class=\" form-control\" id=\"fld_6830845_1\" name=\"fld_6830845\" value=\"\" data-type=\"email\" aria-required=\"true\"   aria-labelledby=\"fld_6830845Label\" >\t\t\t<\/div>\r\n<\/div>\r\n<div data-field-wrapper=\"fld_1720034\" class=\"form-group\" id=\"fld_1720034_1-wrap\">\r\n\t<label id=\"fld_1720034Label\" for=\"fld_1720034_1\" class=\"control-label\">Mettre en ligne un CV<\/label>\r\n\t<div class=\"file-prevent-overflow\">\r\n\t\t<div id=\"fld_1720034_1_file_list\" class=\"cf-multi-uploader-list\"><\/div>\n\t\t\t\t<input type=\"file\" name=\"fld_1720034\" value=\"\" data-field=\"fld_1720034\" class=\"\" id=\"fld_1720034_1\" data-controlid=\"trupl69fe0a1f73d39\"      aria-labelledby=\"fld_1720034Label\" aria-describedby=\"fld_1720034Caption\">\n\t\t<input type=\"hidden\" name=\"fld_1720034\" value=\"trupl69fe0a1f73d39\">\n\t\t<span id=\"fld_1720034Caption\" class=\"help-block\">Merci de nous envoyer votre CV au format PDF.<\/span>\r\n\t<\/div>\r\n<\/div>\r\n<\/div><\/div><div id=\"CF5b747a1c33756_1-row-2\"  class=\"row  last_row\"><div  class=\"col-sm-12  single\"><div data-field-wrapper=\"fld_6566084\" class=\"form-group\" id=\"fld_6566084_1-wrap\">\r\n\t<label id=\"fld_6566084Label\" for=\"fld_6566084_1\" class=\"control-label\">Message\/commentaires<\/label>\r\n\t<div class=\"\">\r\n\t\t<textarea name=\"fld_6566084\" value=\"\" data-field=\"fld_6566084\" class=\"form-control\" id=\"fld_6566084_1\" rows=\"4\"    aria-labelledby=\"fld_6566084Label\" ><\/textarea>\n\t\t\t<\/div>\r\n<\/div>\r\n<div data-field-wrapper=\"fld_7007738\" class=\"form-group\" id=\"fld_7007738_1-wrap\">\r\n<div class=\"\">\r\n\t<input  class=\"btn btn-default\" type=\"submit\" name=\"fld_7007738\" id=\"fld_7007738_1\" value=\"Soumettre\" data-field=\"fld_7007738\"  >\n<\/div>\r\n<\/div>\r\n\t<input class=\"button_trigger_1\" type=\"hidden\" name=\"fld_7007738\" id=\"fld_7007738_1_btn\" value=\"\" data-field=\"fld_7007738\"  \/>\n<\/div><\/div><\/form>\r\n<\/div>\r\n\n[\/vc_column_text][\/vc_column][vc_column width=\u00a0\u00bb1\/3&Prime; css=\u00a0\u00bb.vc_custom_1522101033470{border-radius: 20px !important;}\u00a0\u00bb]<div class=\"vcex-spacing\" style=\"height:50px\"><\/div>[vc_single_image image=\u00a0\u00bb293&Prime;]<div class=\"vcex-spacing\" style=\"height:50px\"><\/div>[vc_single_image image=\u00a0\u00bb292&Prime;]<div class=\"vcex-spacing\" style=\"height:50px\"><\/div>[vc_single_image image=\u00a0\u00bb61&Prime;][\/vc_column][\/vc_row][vc_row full_width=\u00a0\u00bbstretch_row\u00a0\u00bb parallax=\u00a0\u00bbvcex_parallax\u00a0\u00bb parallax_image=\u00a0\u00bb49&Prime; parallax_direction=\u00a0\u00bbleft\u00a0\u00bb][vc_column]<div class=\"vcex-spacing\" style=\"height:100px\"><\/div><div class=\"vcex-spacing\" style=\"height:100px\"><\/div>[\/vc_column][\/vc_row]\n","protected":false},"excerpt":{"rendered":"<p>[vc_row full_width=\u00a0\u00bbstretch_row\u00a0\u00bb parallax=\u00a0\u00bbvcex_parallax\u00a0\u00bb parallax_image=\u00a0\u00bb47&Prime; parallax_direction=\u00a0\u00bbleft\u00a0\u00bb][vc_column][vc_column_text] Danh Tourisme recrute r\u00e9guli\u00e8rement de nouveaux collaborateurs afin de r\u00e9pondre \u00e0 la demande grandissante du secteur du transport. Les postes se trouvent sur tout le territoire de la Franche Comt\u00e9. [\/vc_column_text][\/vc_column][\/vc_row][vc_row css=\u00a0\u00bb.vc_custom_1522101026056{border-radius: 20px !important;}\u00a0\u00bb][vc_column width=\u00a0\u00bb2\/3&Prime;&hellip;<\/p>\n","protected":false},"author":1,"featured_media":0,"parent":0,"menu_order":0,"comment_status":"closed","ping_status":"closed","template":"","meta":[],"_links":{"self":[{"href":"http:\/\/danhtourisme.eu\/index.php\/wp-json\/wp\/v2\/pages\/547"}],"collection":[{"href":"http:\/\/danhtourisme.eu\/index.php\/wp-json\/wp\/v2\/pages"}],"about":[{"href":"http:\/\/danhtourisme.eu\/index.php\/wp-json\/wp\/v2\/types\/page"}],"author":[{"embeddable":true,"href":"http:\/\/danhtourisme.eu\/index.php\/wp-json\/wp\/v2\/users\/1"}],"replies":[{"embeddable":true,"href":"http:\/\/danhtourisme.eu\/index.php\/wp-json\/wp\/v2\/comments?post=547"}],"version-history":[{"count":4,"href":"http:\/\/danhtourisme.eu\/index.php\/wp-json\/wp\/v2\/pages\/547\/revisions"}],"predecessor-version":[{"id":556,"href":"http:\/\/danhtourisme.eu\/index.php\/wp-json\/wp\/v2\/pages\/547\/revisions\/556"}],"wp:attachment":[{"href":"http:\/\/danhtourisme.eu\/index.php\/wp-json\/wp\/v2\/media?parent=547"}],"curies":[{"name":"wp","href":"https:\/\/api.w.org\/{rel}","templated":true}]}}